{"id":1962,"date":"2015-10-29T15:30:52","date_gmt":"2015-10-29T14:30:52","guid":{"rendered":"http:\/\/www.fewo-sunasain.ch\/it\/?page_id=1962"},"modified":"2022-06-27T11:45:34","modified_gmt":"2022-06-27T09:45:34","slug":"dati-societari","status":"publish","type":"page","link":"https:\/\/www.fewo-sunasain.ch\/it\/dati-societari\/","title":{"rendered":"Dati societari"},"content":{"rendered":"\n<style type=\"text\/css\" data-created_by=\"avia_inline_auto\" id=\"style-css-av-k24nj2td-d9294a7c0b489f616996ca89d011512f\">\n#top .av-special-heading.av-k24nj2td-d9294a7c0b489f616996ca89d011512f{\npadding-bottom:10px;\n}\nbody .av-special-heading.av-k24nj2td-d9294a7c0b489f616996ca89d011512f .av-special-heading-tag .heading-char{\nfont-size:25px;\n}\n.av-special-heading.av-k24nj2td-d9294a7c0b489f616996ca89d011512f .av-subheading{\nfont-size:15px;\n}\n<\/style>\n<div  class='av-special-heading av-k24nj2td-d9294a7c0b489f616996ca89d011512f av-special-heading-h1 blockquote modern-quote modern-centered  avia-builder-el-0  el_before_av_section  avia-builder-el-no-sibling '><h1 class='av-special-heading-tag '  itemprop=\"headline\"  >Dati societari<\/h1><div class=\"special-heading-border\"><div class=\"special-heading-inner-border\"><\/div><\/div><\/div>\n<\/div><\/div><\/div><!-- close content main div --><\/div><\/div><div id='av_section_1'  class='avia-section av-9ni462-97b829687401e3522c212d41242ebec4 main_color avia-section-default avia-no-shadow  avia-builder-el-1  el_after_av_heading  avia-builder-el-last  avia-bg-style-scroll container_wrap fullsize'  ><div class='container av-section-cont-open' ><div class='template-page content  av-content-full alpha units'><div class='post-entry post-entry-type-page post-entry-1962'><div class='entry-content-wrapper clearfix'>\n\n<style type=\"text\/css\" data-created_by=\"avia_inline_auto\" id=\"style-css-av-7bopmi-dc5f2681e1036eb928cbcc2fa64304cd\">\n.flex_column.av-7bopmi-dc5f2681e1036eb928cbcc2fa64304cd{\nborder-radius:0px 0px 0px 0px;\npadding:0px 0px 0px 0px;\n}\n<\/style>\n<div  class='flex_column av-7bopmi-dc5f2681e1036eb928cbcc2fa64304cd av_one_third  avia-builder-el-2  el_before_av_two_third  avia-builder-el-first  first flex_column_div av-zero-column-padding  '     ><p><section  class='av_textblock_section av-62yey2-2480f12e2255aeaa595424d1afb0a8b3 '   itemscope=\"itemscope\" itemtype=\"https:\/\/schema.org\/CreativeWork\" ><div class='avia_textblock'  itemprop=\"text\" ><p><strong>Ferienwohnungen Sunasain \/ Semnadur<\/strong><\/p>\n<p>Gian-Reto e Jutta Kobler<br \/>\nMuot Marias 11<br \/>\nCH-7515 Sils-Maria, Engadin<\/p>\n<p>Tel. 0041 81 826 50 31<\/p>\n<p><a href=\"mailto:ferienwohnungen.sunasain@bluewin.ch\">ferienwohnungen.sunasain@bluewin.ch<\/a><\/p>\n<p>Mehrwertsteuer:<br \/>\nHandeslregister:<\/p>\n<\/div><\/section><br \/>\n<section  class='av_textblock_section av-21h4zi-76138ed6a211c69320d74da702f2f457 '   itemscope=\"itemscope\" itemtype=\"https:\/\/schema.org\/CreativeWork\" ><div class='avia_textblock'  itemprop=\"text\" ><p><strong>Konzept, Design, Programmierung<\/strong><br \/>\nS\u00fcsskind SGD, Chur<br \/>\n<a class=\"kontakt\" title=\"S\u00fcsskind SGD, Chur - Grafik- und Webdesign\" href=\"http:\/\/www.suesskind.ch\/\" target=\"_blank\" rel=\"noopener\">suesskind.ch<\/a><\/p>\n<\/div><\/section><\/p><\/div>\n<style type=\"text\/css\" data-created_by=\"avia_inline_auto\" id=\"style-css-av-3r2niy-5ef842a478bf7851298f56f72e6b26a8\">\n.flex_column.av-3r2niy-5ef842a478bf7851298f56f72e6b26a8{\nborder-radius:0px 0px 0px 0px;\npadding:0px 0px 0px 0px;\n}\n<\/style>\n<div  class='flex_column av-3r2niy-5ef842a478bf7851298f56f72e6b26a8 av_two_third  avia-builder-el-5  el_after_av_one_third  avia-builder-el-last  flex_column_div av-zero-column-padding  '     ><section  class='av_textblock_section av-23my7e-50edf416c9b5e5be3f28534f60fcc1d7 '   itemscope=\"itemscope\" itemtype=\"https:\/\/schema.org\/CreativeWork\" ><div class='avia_textblock'  itemprop=\"text\" ><p><strong>fewo-sunasain.ch<br \/>\n<\/strong>I contenuti di questo sito sono stati creati con la massima cura. Tuttavia, Ferienwohnungen Sunasain non si assume alcuna responsabilit\u00e0 per la correttezza, la completezza e l&#8217;attualit\u00e0 dei contenuti. L&#8217;utilizzo di questo sito Web \u00e8 a rischio e pericolo dell&#8217;utente. Contributi nominativamente individuati riflettono l&#8217;opinione del rispettivo autore.<\/p>\n<p><strong>Link<br \/>\n<\/strong>Siti web collegati sono di responsabilit\u00e0 dei rispettivi operatori. Non ha alcuna influenza sui contenuti attuali e futuri di tali siti collegati e non al contenuto collegato.<\/p>\n<p><strong>Copyright (diritto d&#8217;autore)<br \/>\n<\/strong>Il copyright per i contenuti pubblicati \u00e8 Ferienwohnungen Sunasain. I contenuti possono essere divulgati, anche soltanto per una parte, solo indicando il riferimento sul nome della \u201cfewo-sunasain.ch&#8221;. La presentazione di questo sito in frame esterni non \u00e8 consentito.<\/p>\n<p><strong>Informativa sulla privacy (Informativa sulla privacy)<br \/>\n<\/strong>Utilizzo delle informazioni In genere potete visitare il nostro sito senza dover fornire informazioni personali. Solo i dati non personali quali l&#8217;indirizzo IP, l&#8217;ultima pagina visitata, il browser utilizzato, data, ora, ecc al fine di identificare le tendenze e per migliorare i servizi on-line in forma anonima e utilizzandoli solo internamente. Questo non \u00e8 legato alle vostre informazioni personali.<\/p>\n<p><strong>Esclusione comunicazione dei dati<br \/>\n<\/strong>I dati del cliente non saranno venduti o condivisi con terze parti. Eccezione: i fornitori di servizi esterni che elaborano i dati necessari per svolgere il lavoro per noi. Queste sono in particolare i seguenti fornitori di servizi: Google Inc. (statistiche di accesso)<\/p>\n<p><strong>Cookies<br \/>\n<\/strong>In certi casi, vengono utilizzati i cosiddetti cookie. \u00c8 possibile impostare il browser in modo che prima che un cookie viene salvato, sullo schermo viene visualizzato un messaggio di avviso. \u00c8 inoltre possibile rinunciare ai vantaggi di cookie personali. In questo caso alcuni servizi non possono essere utilizzati.<\/p>\n<p><strong>Archiviazione e backup dei dati<br \/>\n<\/strong>Ferienwohnungen Sunasain adotta opportune misure precauzionali e utilizza tecnologie appropriate per proteggere i vostri dati. Rimangano archivati solo in quanto \u00e8 data la necessit\u00e0 in vista di tale scopo. In generale, tuttavia, verranno cancellati dopo 12 mesi.<\/p>\n<p><strong>Modifiche a questa Normativa sulla Privacy<br \/>\n<\/strong>Modifiche a questa informativa sulla privacy possono essere effettuate in qualsiasi momento. Si prega di consultare regolarmente questa dichiarazione.<\/p>\n<p><strong>Base giuridica<br \/>\n<\/strong>La legge federale sulla protezione dei dati (DPA) costituisce la base della presente Informativa sulla privacy.<\/p>\n<\/div><\/section><\/div>\n","protected":false},"excerpt":{"rendered":"","protected":false},"author":1,"featured_media":0,"parent":0,"menu_order":0,"comment_status":"closed","ping_status":"closed","template":"","meta":{"footnotes":""},"class_list":["post-1962","page","type-page","status-publish","hentry"],"yoast_head":"<!-- This site is optimized with the Yoast SEO plugin v24.5 - https:\/\/yoast.com\/wordpress\/plugins\/seo\/ -->\n<title>Dati societari - Sunasain<\/title>\n<meta name=\"robots\" content=\"index, follow, max-snippet:-1, max-image-preview:large, max-video-preview:-1\" \/>\n<link rel=\"canonical\" href=\"https:\/\/www.fewo-sunasain.ch\/it\/dati-societari\/\" \/>\n<meta property=\"og:locale\" content=\"it_IT\" \/>\n<meta property=\"og:type\" content=\"article\" \/>\n<meta property=\"og:title\" content=\"Dati societari - Sunasain\" \/>\n<meta property=\"og:url\" content=\"https:\/\/www.fewo-sunasain.ch\/it\/dati-societari\/\" \/>\n<meta property=\"og:site_name\" content=\"Sunasain\" \/>\n<meta property=\"article:modified_time\" content=\"2022-06-27T09:45:34+00:00\" \/>\n<meta name=\"twitter:card\" content=\"summary_large_image\" \/>\n<meta name=\"twitter:label1\" content=\"Tempo di lettura stimato\" \/>\n\t<meta name=\"twitter:data1\" content=\"3 minuti\" \/>\n<script type=\"application\/ld+json\" class=\"yoast-schema-graph\">{\"@context\":\"https:\/\/schema.org\",\"@graph\":[{\"@type\":\"WebPage\",\"@id\":\"https:\/\/www.fewo-sunasain.ch\/it\/dati-societari\/\",\"url\":\"https:\/\/www.fewo-sunasain.ch\/it\/dati-societari\/\",\"name\":\"Dati societari - Sunasain\",\"isPartOf\":{\"@id\":\"https:\/\/www.fewo-sunasain.ch\/it\/#website\"},\"datePublished\":\"2015-10-29T14:30:52+00:00\",\"dateModified\":\"2022-06-27T09:45:34+00:00\",\"breadcrumb\":{\"@id\":\"https:\/\/www.fewo-sunasain.ch\/it\/dati-societari\/#breadcrumb\"},\"inLanguage\":\"it-IT\",\"potentialAction\":[{\"@type\":\"ReadAction\",\"target\":[\"https:\/\/www.fewo-sunasain.ch\/it\/dati-societari\/\"]}]},{\"@type\":\"BreadcrumbList\",\"@id\":\"https:\/\/www.fewo-sunasain.ch\/it\/dati-societari\/#breadcrumb\",\"itemListElement\":[{\"@type\":\"ListItem\",\"position\":1,\"name\":\"Startseite\",\"item\":\"https:\/\/www.fewo-sunasain.ch\/it\/\"},{\"@type\":\"ListItem\",\"position\":2,\"name\":\"Dati societari\"}]},{\"@type\":\"WebSite\",\"@id\":\"https:\/\/www.fewo-sunasain.ch\/it\/#website\",\"url\":\"https:\/\/www.fewo-sunasain.ch\/it\/\",\"name\":\"Sunasain\",\"description\":\"Ferienwohnungen Sunasain \/ Semnadur\",\"potentialAction\":[{\"@type\":\"SearchAction\",\"target\":{\"@type\":\"EntryPoint\",\"urlTemplate\":\"https:\/\/www.fewo-sunasain.ch\/it\/?s={search_term_string}\"},\"query-input\":{\"@type\":\"PropertyValueSpecification\",\"valueRequired\":true,\"valueName\":\"search_term_string\"}}],\"inLanguage\":\"it-IT\"}]}<\/script>\n<!-- \/ Yoast SEO plugin. -->","yoast_head_json":{"title":"Dati societari - Sunasain","robots":{"index":"index","follow":"follow","max-snippet":"max-snippet:-1","max-image-preview":"max-image-preview:large","max-video-preview":"max-video-preview:-1"},"canonical":"https:\/\/www.fewo-sunasain.ch\/it\/dati-societari\/","og_locale":"it_IT","og_type":"article","og_title":"Dati societari - Sunasain","og_url":"https:\/\/www.fewo-sunasain.ch\/it\/dati-societari\/","og_site_name":"Sunasain","article_modified_time":"2022-06-27T09:45:34+00:00","twitter_card":"summary_large_image","twitter_misc":{"Tempo di lettura stimato":"3 minuti"},"schema":{"@context":"https:\/\/schema.org","@graph":[{"@type":"WebPage","@id":"https:\/\/www.fewo-sunasain.ch\/it\/dati-societari\/","url":"https:\/\/www.fewo-sunasain.ch\/it\/dati-societari\/","name":"Dati societari - Sunasain","isPartOf":{"@id":"https:\/\/www.fewo-sunasain.ch\/it\/#website"},"datePublished":"2015-10-29T14:30:52+00:00","dateModified":"2022-06-27T09:45:34+00:00","breadcrumb":{"@id":"https:\/\/www.fewo-sunasain.ch\/it\/dati-societari\/#breadcrumb"},"inLanguage":"it-IT","potentialAction":[{"@type":"ReadAction","target":["https:\/\/www.fewo-sunasain.ch\/it\/dati-societari\/"]}]},{"@type":"BreadcrumbList","@id":"https:\/\/www.fewo-sunasain.ch\/it\/dati-societari\/#breadcrumb","itemListElement":[{"@type":"ListItem","position":1,"name":"Startseite","item":"https:\/\/www.fewo-sunasain.ch\/it\/"},{"@type":"ListItem","position":2,"name":"Dati societari"}]},{"@type":"WebSite","@id":"https:\/\/www.fewo-sunasain.ch\/it\/#website","url":"https:\/\/www.fewo-sunasain.ch\/it\/","name":"Sunasain","description":"Ferienwohnungen Sunasain \/ Semnadur","potentialAction":[{"@type":"SearchAction","target":{"@type":"EntryPoint","urlTemplate":"https:\/\/www.fewo-sunasain.ch\/it\/?s={search_term_string}"},"query-input":{"@type":"PropertyValueSpecification","valueRequired":true,"valueName":"search_term_string"}}],"inLanguage":"it-IT"}]}},"_links":{"self":[{"href":"https:\/\/www.fewo-sunasain.ch\/it\/wp-json\/wp\/v2\/pages\/1962","targetHints":{"allow":["GET"]}}],"collection":[{"href":"https:\/\/www.fewo-sunasain.ch\/it\/wp-json\/wp\/v2\/pages"}],"about":[{"href":"https:\/\/www.fewo-sunasain.ch\/it\/wp-json\/wp\/v2\/types\/page"}],"author":[{"embeddable":true,"href":"https:\/\/www.fewo-sunasain.ch\/it\/wp-json\/wp\/v2\/users\/1"}],"replies":[{"embeddable":true,"href":"https:\/\/www.fewo-sunasain.ch\/it\/wp-json\/wp\/v2\/comments?post=1962"}],"version-history":[{"count":7,"href":"https:\/\/www.fewo-sunasain.ch\/it\/wp-json\/wp\/v2\/pages\/1962\/revisions"}],"predecessor-version":[{"id":3177,"href":"https:\/\/www.fewo-sunasain.ch\/it\/wp-json\/wp\/v2\/pages\/1962\/revisions\/3177"}],"wp:attachment":[{"href":"https:\/\/www.fewo-sunasain.ch\/it\/wp-json\/wp\/v2\/media?parent=1962"}],"curies":[{"name":"wp","href":"https:\/\/api.w.org\/{rel}","templated":true}]}}